{"id":4319,"date":"2025-01-28T17:10:58","date_gmt":"2025-01-28T16:10:58","guid":{"rendered":"https:\/\/metakem.de\/?page_id=4319"},"modified":"2025-07-15T16:46:32","modified_gmt":"2025-07-15T14:46:32","slug":"aviso-legal","status":"publish","type":"page","link":"https:\/\/metakem.de\/es\/aviso-legal\/","title":{"rendered":"Aviso legal"},"content":{"rendered":"<p>\n<style type=\"text\/css\" data-created_by=\"avia_inline_auto\" id=\"style-css-av-m5uyqhro-f25e3536d6ec08c1dd138c140ee30a56\">\n.avia-section.av-m5uyqhro-f25e3536d6ec08c1dd138c140ee30a56{\nbackground-color:#0f5aaa;\nbackground-image:unset;\n}\n<\/style>\n<div id='av_section_1'  class='avia-section av-m5uyqhro-f25e3536d6ec08c1dd138c140ee30a56 header_color avia-section-small avia-no-border-styling  avia-builder-el-0  el_before_av_one_full  avia-builder-el-first  hero-headline-box avia-bg-style-scroll av-minimum-height av-minimum-height-35 av-height-percent  container_wrap sidebar_right'   data-av_minimum_height_pc='35' data-av_min_height_opt='percent'><div class='container av-section-cont-open' ><main  role=\"main\" itemprop=\"mainContentOfPage\"  class='template-page content  av-content-small alpha units'><div class='post-entry post-entry-type-page post-entry-4319'><div class='entry-content-wrapper clearfix'>\n<div  class='flex_column av-6823v7-336ff4335f98b7f40a034bdbefbb7a8e av_two_third  avia-builder-el-1  avia-builder-el-no-sibling  first flex_column_div  '     ><p><br \/>\n\n<style type=\"text\/css\" data-created_by=\"avia_inline_auto\" id=\"style-css-av-m5uyqn5o-c338d43846fe9aa1f971d35dd9491717\">\n#top .av-special-heading.av-m5uyqn5o-c338d43846fe9aa1f971d35dd9491717{\npadding-bottom:10px;\n}\nbody .av-special-heading.av-m5uyqn5o-c338d43846fe9aa1f971d35dd9491717 .av-special-heading-tag .heading-char{\nfont-size:25px;\n}\n.av-special-heading.av-m5uyqn5o-c338d43846fe9aa1f971d35dd9491717 .av-subheading{\nfont-size:15px;\n}\n<\/style>\n<div  class='av-special-heading av-m5uyqn5o-c338d43846fe9aa1f971d35dd9491717 av-special-heading-h1 blockquote modern-quote  avia-builder-el-3  el_after_av_codeblock  avia-builder-el-last '><h1 class='av-special-heading-tag '  itemprop=\"headline\"  >Aviso legal de METAKEM GmbH<\/h1><div class=\"special-heading-border\"><div class=\"special-heading-inner-border\"><\/div><\/div><\/div><\/p><\/div>\n<\/div><\/div><\/main><!-- close content main element --><\/div><\/div><div id='after_section_1'  class='main_color av_default_container_wrap container_wrap sidebar_right'  ><div class='container av-section-cont-open' ><div class='template-page content  av-content-small alpha units'><div class='post-entry post-entry-type-page post-entry-4319'><div class='entry-content-wrapper clearfix'><div  class='flex_column av-2413qb-d0ce53c1292ac14e1c9dd84e573a5ee3 av_one_full  avia-builder-el-4  el_after_av_section  avia-builder-el-no-sibling  first flex_column_div  '     ><section  class='av_textblock_section av-m5uyr55q-bf902fe9dc2e9fadbc267bd69df4ef39 '   itemscope=\"itemscope\" itemtype=\"https:\/\/schema.org\/CreativeWork\" ><div class='avia_textblock'  itemprop=\"text\" ><p>METAKEM GmbH<br \/>\nAchtzehnmorgenweg 3<br \/>\n61250 Usingen<\/p>\n<p>Registro mercantil: HRB 8228<br \/>\nTribunal de registro: Bad Homburg v.d.H.<\/p>\n<p><strong>Representada por:<\/strong><br \/>\nDr. J\u00f6rg Wurm<br \/>\nFriedrich von der Decken<\/p>\n<h2>Contacto<\/h2>\n<p>Tel\u00e9fono: +49 (0) 6081 \u2013 10 60 0<br \/>\nCorreo electr\u00f3nico: info@metakem.de<\/p>\n<h2>N\u00famero de identificaci\u00f3n fiscal<\/h2>\n<p>N\u00famero de identificaci\u00f3n fiscal conforme al \u00a7 27 a de la Ley del Impuesto sobre el Valor A\u00f1adido:<br \/>\nDE 114187944<\/p>\n<h2>Resoluci\u00f3n de litigios en l\u00ednea de la UE<\/h2>\n<p>La Comisi\u00f3n Europea proporciona una plataforma para la resoluci\u00f3n de litigios en l\u00ednea (OS): <a href=\"https:\/\/ec.europa.eu\/consumers\/odr\/\" target=\"_blank\" rel=\"noopener noreferrer\">https:\/\/ec.europa.eu\/consumers\/odr\/<\/a>.<br \/>\nEncontrar\u00e1 nuestra direcci\u00f3n de correo electr\u00f3nico en la parte superior del aviso legal.<\/p>\n<h2>Resoluci\u00f3n de litigios de consumo\/Organismo de resoluci\u00f3n universal<\/h2>\n<p>No estamos dispuestos ni obligados a participar en procedimientos de resoluci\u00f3n de litigios ante un organismo de arbitraje de consumo.<\/p>\n<h2>Dise\u00f1o e implementaci\u00f3n<\/h2>\n<p><a href=\"https:\/\/cambium.digital\">cambium.digital \u2013 Agencia de dise\u00f1o y comunicaci\u00f3n de marca en Bad Homburg<\/a><\/p>\n<\/div><\/section><\/div><\/p>\n","protected":false},"excerpt":{"rendered":"","protected":false},"author":4,"featured_media":0,"parent":0,"menu_order":0,"comment_status":"closed","ping_status":"closed","template":"","meta":{"_acf_changed":false,"footnotes":""},"class_list":["post-4319","page","type-page","status-publish","hentry"],"acf":[],"yoast_head":"<!-- This site is optimized with the Yoast SEO plugin v27.4 - https:\/\/yoast.com\/product\/yoast-seo-wordpress\/ -->\n<title>Aviso legal | METAKEM<\/title>\n<meta name=\"description\" content=\"Aviso legal de METAKEM: Informaci\u00f3n legal importante y datos de contacto. Conozca m\u00e1s sobre nosotros y nuestra empresa. \u00a1V\u00e9alo ahora!\" \/>\n<meta name=\"robots\" content=\"index, follow, max-snippet:-1, max-image-preview:large, max-video-preview:-1\" \/>\n<link rel=\"canonical\" href=\"https:\/\/metakem.de\/es\/aviso-legal\/\" \/>\n<meta property=\"og:locale\" content=\"es_ES\" \/>\n<meta property=\"og:type\" content=\"article\" \/>\n<meta property=\"og:title\" content=\"Aviso legal | METAKEM\" \/>\n<meta property=\"og:description\" content=\"Aviso legal de METAKEM: Informaci\u00f3n legal importante y datos de contacto. Conozca m\u00e1s sobre nosotros y nuestra empresa. \u00a1V\u00e9alo ahora!\" \/>\n<meta property=\"og:url\" content=\"https:\/\/metakem.de\/es\/aviso-legal\/\" \/>\n<meta property=\"og:site_name\" content=\"METAKEM\" \/>\n<meta property=\"article:modified_time\" content=\"2025-07-15T14:46:32+00:00\" \/>\n<meta name=\"twitter:card\" content=\"summary_large_image\" \/>\n<script type=\"application\/ld+json\" class=\"yoast-schema-graph\">{\"@context\":\"https:\\\/\\\/schema.org\",\"@graph\":[{\"@type\":\"WebPage\",\"@id\":\"https:\\\/\\\/metakem.de\\\/es\\\/aviso-legal\\\/\",\"url\":\"https:\\\/\\\/metakem.de\\\/es\\\/aviso-legal\\\/\",\"name\":\"Aviso legal | METAKEM\",\"isPartOf\":{\"@id\":\"https:\\\/\\\/metakem.de\\\/es\\\/#website\"},\"datePublished\":\"2025-01-28T16:10:58+00:00\",\"dateModified\":\"2025-07-15T14:46:32+00:00\",\"description\":\"Aviso legal de METAKEM: Informaci\u00f3n legal importante y datos de contacto. Conozca m\u00e1s sobre nosotros y nuestra empresa. \u00a1V\u00e9alo ahora!\",\"breadcrumb\":{\"@id\":\"https:\\\/\\\/metakem.de\\\/es\\\/aviso-legal\\\/#breadcrumb\"},\"inLanguage\":\"es\",\"potentialAction\":[{\"@type\":\"ReadAction\",\"target\":[\"https:\\\/\\\/metakem.de\\\/es\\\/aviso-legal\\\/\"]}]},{\"@type\":\"BreadcrumbList\",\"@id\":\"https:\\\/\\\/metakem.de\\\/es\\\/aviso-legal\\\/#breadcrumb\",\"itemListElement\":[{\"@type\":\"ListItem\",\"position\":1,\"name\":\"Startseite\",\"item\":\"https:\\\/\\\/metakem.de\\\/es\\\/\"},{\"@type\":\"ListItem\",\"position\":2,\"name\":\"Aviso legal\"}]},{\"@type\":\"WebSite\",\"@id\":\"https:\\\/\\\/metakem.de\\\/es\\\/#website\",\"url\":\"https:\\\/\\\/metakem.de\\\/es\\\/\",\"name\":\"METAKEM\",\"description\":\"\",\"publisher\":{\"@id\":\"https:\\\/\\\/metakem.de\\\/es\\\/#organization\"},\"potentialAction\":[{\"@type\":\"SearchAction\",\"target\":{\"@type\":\"EntryPoint\",\"urlTemplate\":\"https:\\\/\\\/metakem.de\\\/es\\\/?s={search_term_string}\"},\"query-input\":{\"@type\":\"PropertyValueSpecification\",\"valueRequired\":true,\"valueName\":\"search_term_string\"}}],\"inLanguage\":\"es\"},{\"@type\":\"Organization\",\"@id\":\"https:\\\/\\\/metakem.de\\\/es\\\/#organization\",\"name\":\"METAKEM GmbH\",\"alternateName\":\"METAKEM\",\"url\":\"https:\\\/\\\/metakem.de\\\/es\\\/\",\"logo\":{\"@type\":\"ImageObject\",\"inLanguage\":\"es\",\"@id\":\"https:\\\/\\\/metakem.de\\\/es\\\/#\\\/schema\\\/logo\\\/image\\\/\",\"url\":\"https:\\\/\\\/metakem.de\\\/wp-content\\\/uploads\\\/2025\\\/03\\\/metakem-logo-500px.png\",\"contentUrl\":\"https:\\\/\\\/metakem.de\\\/wp-content\\\/uploads\\\/2025\\\/03\\\/metakem-logo-500px.png\",\"width\":500,\"height\":500,\"caption\":\"METAKEM GmbH\"},\"image\":{\"@id\":\"https:\\\/\\\/metakem.de\\\/es\\\/#\\\/schema\\\/logo\\\/image\\\/\"}}]}<\/script>\n<!-- \/ Yoast SEO plugin. -->","yoast_head_json":{"title":"Aviso legal | METAKEM","description":"Aviso legal de METAKEM: Informaci\u00f3n legal importante y datos de contacto. Conozca m\u00e1s sobre nosotros y nuestra empresa. \u00a1V\u00e9alo ahora!","robots":{"index":"index","follow":"follow","max-snippet":"max-snippet:-1","max-image-preview":"max-image-preview:large","max-video-preview":"max-video-preview:-1"},"canonical":"https:\/\/metakem.de\/es\/aviso-legal\/","og_locale":"es_ES","og_type":"article","og_title":"Aviso legal | METAKEM","og_description":"Aviso legal de METAKEM: Informaci\u00f3n legal importante y datos de contacto. Conozca m\u00e1s sobre nosotros y nuestra empresa. \u00a1V\u00e9alo ahora!","og_url":"https:\/\/metakem.de\/es\/aviso-legal\/","og_site_name":"METAKEM","article_modified_time":"2025-07-15T14:46:32+00:00","twitter_card":"summary_large_image","schema":{"@context":"https:\/\/schema.org","@graph":[{"@type":"WebPage","@id":"https:\/\/metakem.de\/es\/aviso-legal\/","url":"https:\/\/metakem.de\/es\/aviso-legal\/","name":"Aviso legal | METAKEM","isPartOf":{"@id":"https:\/\/metakem.de\/es\/#website"},"datePublished":"2025-01-28T16:10:58+00:00","dateModified":"2025-07-15T14:46:32+00:00","description":"Aviso legal de METAKEM: Informaci\u00f3n legal importante y datos de contacto. Conozca m\u00e1s sobre nosotros y nuestra empresa. \u00a1V\u00e9alo ahora!","breadcrumb":{"@id":"https:\/\/metakem.de\/es\/aviso-legal\/#breadcrumb"},"inLanguage":"es","potentialAction":[{"@type":"ReadAction","target":["https:\/\/metakem.de\/es\/aviso-legal\/"]}]},{"@type":"BreadcrumbList","@id":"https:\/\/metakem.de\/es\/aviso-legal\/#breadcrumb","itemListElement":[{"@type":"ListItem","position":1,"name":"Startseite","item":"https:\/\/metakem.de\/es\/"},{"@type":"ListItem","position":2,"name":"Aviso legal"}]},{"@type":"WebSite","@id":"https:\/\/metakem.de\/es\/#website","url":"https:\/\/metakem.de\/es\/","name":"METAKEM","description":"","publisher":{"@id":"https:\/\/metakem.de\/es\/#organization"},"potentialAction":[{"@type":"SearchAction","target":{"@type":"EntryPoint","urlTemplate":"https:\/\/metakem.de\/es\/?s={search_term_string}"},"query-input":{"@type":"PropertyValueSpecification","valueRequired":true,"valueName":"search_term_string"}}],"inLanguage":"es"},{"@type":"Organization","@id":"https:\/\/metakem.de\/es\/#organization","name":"METAKEM GmbH","alternateName":"METAKEM","url":"https:\/\/metakem.de\/es\/","logo":{"@type":"ImageObject","inLanguage":"es","@id":"https:\/\/metakem.de\/es\/#\/schema\/logo\/image\/","url":"https:\/\/metakem.de\/wp-content\/uploads\/2025\/03\/metakem-logo-500px.png","contentUrl":"https:\/\/metakem.de\/wp-content\/uploads\/2025\/03\/metakem-logo-500px.png","width":500,"height":500,"caption":"METAKEM GmbH"},"image":{"@id":"https:\/\/metakem.de\/es\/#\/schema\/logo\/image\/"}}]}},"_links":{"self":[{"href":"https:\/\/metakem.de\/es\/wp-json\/wp\/v2\/pages\/4319","targetHints":{"allow":["GET"]}}],"collection":[{"href":"https:\/\/metakem.de\/es\/wp-json\/wp\/v2\/pages"}],"about":[{"href":"https:\/\/metakem.de\/es\/wp-json\/wp\/v2\/types\/page"}],"author":[{"embeddable":true,"href":"https:\/\/metakem.de\/es\/wp-json\/wp\/v2\/users\/4"}],"replies":[{"embeddable":true,"href":"https:\/\/metakem.de\/es\/wp-json\/wp\/v2\/comments?post=4319"}],"version-history":[{"count":6,"href":"https:\/\/metakem.de\/es\/wp-json\/wp\/v2\/pages\/4319\/revisions"}],"predecessor-version":[{"id":4529,"href":"https:\/\/metakem.de\/es\/wp-json\/wp\/v2\/pages\/4319\/revisions\/4529"}],"wp:attachment":[{"href":"https:\/\/metakem.de\/es\/wp-json\/wp\/v2\/media?parent=4319"}],"curies":[{"name":"wp","href":"https:\/\/api.w.org\/{rel}","templated":true}]}}